{"id":24554,"date":"2021-06-19T18:39:50","date_gmt":"2021-06-19T16:39:50","guid":{"rendered":"https:\/\/www.truckrace.org\/etrc-circuits\/"},"modified":"2025-10-31T11:27:18","modified_gmt":"2025-10-31T10:27:18","slug":"etrc-circuits","status":"publish","type":"page","link":"https:\/\/www.truckrace.org\/en\/etrc-circuits\/","title":{"rendered":"ETRC circuits"},"content":{"rendered":"<p>[et_pb_section fb_built=&#8221;1&#8243; next_background_color=&#8221;#ffffff&#8221; admin_label=&#8221;Header&#8221; _builder_version=&#8221;4.16&#8243; use_background_color_gradient=&#8221;on&#8221; background_color_gradient_stops=&#8221;#000000 0%|#0054a3 100%&#8221; background_color_gradient_overlays_image=&#8221;on&#8221; background_color_gradient_start=&#8221;#000000&#8243; background_color_gradient_end=&#8221;#0054a3&#8243; background_enable_image=&#8221;off&#8221; custom_padding=&#8221;||0vw||false|false&#8221; bottom_divider_style=&#8221;slant&#8221; bottom_divider_height=&#8221;100%&#8221; bottom_divider_flip=&#8221;horizontal&#8221; locked=&#8221;off&#8221; global_colors_info=&#8221;{}&#8221;][et_pb_row _builder_version=&#8221;4.16&#8243; global_colors_info=&#8221;{}&#8221;][et_pb_column type=&#8221;4_4&#8243; _builder_version=&#8221;4.16&#8243; global_colors_info=&#8221;{}&#8221;][et_pb_text _builder_version=&#8221;4.27.4&#8243; text_font_size=&#8221;16px&#8221; text_line_height=&#8221;1.8em&#8221; header_font=&#8221;Kanit|700|||||||&#8221; header_font_size=&#8221;35px&#8221; background_layout=&#8221;dark&#8221; max_width=&#8221;550px&#8221; custom_padding=&#8221;||22px|||&#8221; hover_enabled=&#8221;0&#8243; header_font_size_tablet=&#8221;60px&#8221; header_font_size_phone=&#8221;42px&#8221; header_font_size_last_edited=&#8221;on|phone&#8221; locked=&#8221;off&#8221; global_colors_info=&#8221;{}&#8221; sticky_enabled=&#8221;0&#8243;]<\/p>\n<h1>2026 ETRC circuits<\/h1>\n<p>[\/et_pb_text][et_pb_text _builder_version=&#8221;4.27.4&#8243; text_text_color=&#8221;#ffffff&#8221; text_line_height=&#8221;1.8em&#8221; header_3_font=&#8221;Kanit|700|||||||&#8221; header_3_font_size=&#8221;24px&#8221; header_3_line_height=&#8221;1.4em&#8221; header_5_font=&#8221;Kanit||||||||&#8221; header_5_font_size=&#8221;18px&#8221; header_5_line_height=&#8221;1.8em&#8221; background_layout=&#8221;dark&#8221; custom_margin=&#8221;||50px||false|false&#8221; custom_padding=&#8221;30px|20px|30px|20px|true|true&#8221; border_width_left=&#8221;3px&#8221; border_color_left=&#8221;#ffffff&#8221; global_module=&#8221;20356&#8243; saved_tabs=&#8221;all&#8221; locked=&#8221;off&#8221; global_colors_info=&#8221;{}&#8221;]<\/p>\n<p><strong>30-31\/05: Misano ITA<\/strong><br \/><strong>06-07\/06: Slovakiaring SVK<\/strong><br \/><strong>10-12\/07: N\u00fcrburgring GER<\/strong><br \/><strong>29-30\/08: Most CZE<\/strong><br \/><strong>12-13\/09: Zolder BEL<\/strong><br \/><strong>26-27\/09: Le Mans FRA<\/strong><br \/><strong>03-04\/10: Jarama ESP<\/strong><\/p>\n<p>Sous r\u00e9serve d&#8217;approbation par la FIA<\/p>\n<p>[\/et_pb_text][\/et_pb_column][\/et_pb_row][et_pb_row column_structure=&#8221;1_3,1_3,1_3&#8243; _builder_version=&#8221;4.16&#8243; _module_preset=&#8221;default&#8221; global_colors_info=&#8221;{}&#8221;][et_pb_column type=&#8221;1_3&#8243; _builder_version=&#8221;4.16&#8243; _module_preset=&#8221;default&#8221; global_colors_info=&#8221;{}&#8221;][et_pb_blurb title=&#8221;MISANO (ITA)&#8221; image=&#8221;https:\/\/www.truckrace.org\/wp-content\/uploads\/2020\/05\/misano.jpg&#8221; _builder_version=&#8221;4.16&#8243; header_level=&#8221;h1&#8243; background_color=&#8221;#666666&#8243; background_layout=&#8221;dark&#8221; custom_padding=&#8221;10px|10px|10px|10px|true|true&#8221; global_colors_info=&#8221;{}&#8221;]<\/p>\n<p>Lenght: 4226 m<\/p>\n<p><\/p>\n<p>Adress: Via Daijiro Kato<br \/>47843 Misano Adriatico<br \/>Country: Italy<\/p>\n<p><\/p>\n<p>Contact: +39 0541 618525<br \/>Website: <a href=\"http:\/\/www.misanocircuit.com\/\" target=\"_blank\" rel=\"noopener noreferrer\">http:\/\/www.misanocircuit.com\/<\/a><\/p>\n<p>[\/et_pb_blurb][\/et_pb_column][et_pb_column type=&#8221;1_3&#8243; _builder_version=&#8221;4.16&#8243; _module_preset=&#8221;default&#8221; global_colors_info=&#8221;{}&#8221;][et_pb_blurb title=&#8221;SLOVAKIARING (SVK)&#8221; image=&#8221;https:\/\/www.truckrace.org\/wp-content\/uploads\/2022\/12\/slovakiaring.jpg&#8221; _builder_version=&#8221;4.19.2&#8243; header_level=&#8221;h1&#8243; background_color=&#8221;#666666&#8243; background_layout=&#8221;dark&#8221; custom_padding=&#8221;10px|10px|10px|10px|true|true&#8221; global_colors_info=&#8221;{}&#8221;]<\/p>\n<p>Lenght: 5922 m<\/p>\n<p><\/p>\n<p>Adress: Orechov\u00e1 Pot\u00f4\u0148 800<br \/>930 02 Orechov\u00e1 Pot\u00f4\u0148<br \/>Country: Slovakia<\/p>\n<p><\/p>\n<p>Contact: +421 917 544 227<br \/>Website: <a href=\"https:\/\/slovakiaring.sk\/en\/\" target=\"_blank\" rel=\"noopener noreferrer\">https:\/\/slovakiaring.sk\/en\/<\/a><\/p>\n<p>[\/et_pb_blurb][\/et_pb_column][et_pb_column type=&#8221;1_3&#8243; _builder_version=&#8221;4.16&#8243; _module_preset=&#8221;default&#8221; global_colors_info=&#8221;{}&#8221;][et_pb_blurb title=&#8221;NURBURGRING (DEU)&#8221; image=&#8221;https:\/\/www.truckrace.org\/wp-content\/uploads\/2021\/05\/nurburgring.jpg&#8221; _builder_version=&#8221;4.16&#8243; header_level=&#8221;h1&#8243; background_color=&#8221;#666666&#8243; background_layout=&#8221;dark&#8221; custom_padding=&#8221;10px|10px|10px|10px|true|true&#8221; global_colors_info=&#8221;{}&#8221;]<\/p>\n<p>Lenght: 3629 m<\/p>\n<p><\/p>\n<p>Adress: Otto-Flimm-Stra\u00dfe<br \/>53520 N\u00fcrburg<br \/>Country: Germany<\/p>\n<p><\/p>\n<p>Contact: +49 (0) 2691 302-630<br \/>Website: <a href=\"https:\/\/www.truck-grand-prix.de\/\" target=\"_blank\" rel=\"noopener\">https:\/\/www.truck-grand-prix.de\/<\/a><\/p>\n<p>[\/et_pb_blurb][\/et_pb_column][\/et_pb_row][et_pb_row column_structure=&#8221;1_3,1_3,1_3&#8243; _builder_version=&#8221;4.19.2&#8243; _module_preset=&#8221;default&#8221; global_colors_info=&#8221;{}&#8221;][et_pb_column type=&#8221;1_3&#8243; _builder_version=&#8221;4.19.2&#8243; _module_preset=&#8221;default&#8221; global_colors_info=&#8221;{}&#8221;][et_pb_blurb title=&#8221;MOST (CZE)&#8221; image=&#8221;https:\/\/www.truckrace.org\/wp-content\/uploads\/2020\/05\/most.jpg&#8221; _builder_version=&#8221;4.16&#8243; header_level=&#8221;h1&#8243; background_color=&#8221;#666666&#8243; background_layout=&#8221;dark&#8221; custom_padding=&#8221;10px|10px|10px|10px|true|true&#8221; global_colors_info=&#8221;{}&#8221;]<\/p>\n<p>Lenght: 4148 m<\/p>\n<p><\/p>\n<p>Adress: Tvrzova 5<br \/>43401 Most<br \/>Country: Czech Republic<\/p>\n<p><\/p>\n<p>Contact: +420 476 449 970<br \/><a href=\"https:\/\/www.autodrom-most.cz\/\" target=\"_blank\" rel=\"noopener noreferrer\">Website: http:\/\/www.autodrom-most.cz\/<\/a><\/p>\n<p>[\/et_pb_blurb][\/et_pb_column][et_pb_column type=&#8221;1_3&#8243; _builder_version=&#8221;4.16&#8243; _module_preset=&#8221;default&#8221; global_colors_info=&#8221;{}&#8221;][et_pb_blurb title=&#8221;ZOLDER (BEL)&#8221; image=&#8221;https:\/\/www.truckrace.org\/wp-content\/uploads\/2020\/05\/zolder.jpg&#8221; _builder_version=&#8221;4.16&#8243; header_level=&#8221;h1&#8243; background_color=&#8221;#666666&#8243; background_layout=&#8221;dark&#8221; custom_padding=&#8221;10px|10px|10px|10px|true|true&#8221; global_colors_info=&#8221;{}&#8221;]<\/p>\n<p>Lenght: 3977 m<\/p>\n<p><\/p>\n<p>Adress: Terlamen asbl &#8211; Terlaemen 30<br \/>3550 Heusden-Zolder<br \/>Country: Belgium<\/p>\n<p><\/p>\n<p>Contact: (+ 32) 11 85 88 88<br \/>Website: <a href=\"http:\/\/www.circuit-zolder.be\/\" target=\"_blank\" rel=\"noopener noreferrer\">http:\/\/www.circuit-zolder.be\/<\/a><\/p>\n<p>[\/et_pb_blurb][\/et_pb_column][et_pb_column type=&#8221;1_3&#8243; _builder_version=&#8221;4.16&#8243; _module_preset=&#8221;default&#8221; global_colors_info=&#8221;{}&#8221;][et_pb_blurb title=&#8221;LE MANS (FRA)&#8221; image=&#8221;https:\/\/www.truckrace.org\/wp-content\/uploads\/2020\/05\/lemans.jpg&#8221; _builder_version=&#8221;4.16&#8243; header_level=&#8221;h1&#8243; background_color=&#8221;#666666&#8243; background_layout=&#8221;dark&#8221; custom_padding=&#8221;10px|10px|10px|10px|true|true&#8221; global_colors_info=&#8221;{}&#8221;]<\/p>\n<p>Lenght: 4185 m<\/p>\n<p><\/p>\n<p>Adress: Circuit des 24 Heures<br \/>72019 Le Mans<br \/>Country: France<\/p>\n<p><\/p>\n<p>Contact: (+33) 2 43 40 24 24<br \/>Website: <a href=\"http:\/\/www.lemans.org\/\" target=\"_blank\" rel=\"noopener noreferrer\">http:\/\/www.lemans.org\/<\/a><\/p>\n<p>[\/et_pb_blurb][\/et_pb_column][\/et_pb_row][et_pb_row column_structure=&#8221;1_3,1_3,1_3&#8243; _builder_version=&#8221;4.16&#8243; min_height=&#8221;469px&#8221; custom_margin=&#8221;7px|auto||auto||&#8221; custom_padding=&#8221;3px|||||&#8221; global_colors_info=&#8221;{}&#8221;][et_pb_column type=&#8221;1_3&#8243; _builder_version=&#8221;4.16&#8243; global_colors_info=&#8221;{}&#8221;][et_pb_blurb title=&#8221;JARAMA (ESP)&#8221; image=&#8221;https:\/\/www.truckrace.org\/wp-content\/uploads\/2020\/05\/jarama-1.jpg&#8221; _builder_version=&#8221;4.16&#8243; header_level=&#8221;h1&#8243; background_color=&#8221;#666666&#8243; background_layout=&#8221;dark&#8221; custom_padding=&#8221;10px|10px|10px|10px|true|true&#8221; global_colors_info=&#8221;{}&#8221;]<\/p>\n<p>Lenght: 3850 m<\/p>\n<p><\/p>\n<p>Adress ctra. A-1 Km 27,8<br \/>28700 San Sebasti\u00e1n de los Reyes<br \/>Country: Spain<\/p>\n<p><\/p>\n<p>Contact: (+34) 916 570 875<br \/>Website: <a href=\"http:\/\/www.jarama.org\/\" target=\"_blank\" rel=\"noopener noreferrer\">http:\/\/www.jarama.org\/<\/a><\/p>\n<p>[\/et_pb_blurb][\/et_pb_column][et_pb_column type=&#8221;1_3&#8243; _builder_version=&#8221;4.16&#8243; global_colors_info=&#8221;{}&#8221;][\/et_pb_column][et_pb_column type=&#8221;1_3&#8243; _builder_version=&#8221;4.16&#8243; global_colors_info=&#8221;{}&#8221;][\/et_pb_column][\/et_pb_row][\/et_pb_section][et_pb_section fb_built=&#8221;1&#8243; custom_padding_last_edited=&#8221;on|phone&#8221; admin_label=&#8221;Footer&#8221; _builder_version=&#8221;4.16&#8243; custom_margin=&#8221;15px||||false|false&#8221; custom_margin_tablet=&#8221;&#8221; custom_margin_phone=&#8221;0px||||false|false&#8221; custom_margin_last_edited=&#8221;on|phone&#8221; custom_padding=&#8221;1px||0px||false|false&#8221; custom_padding_tablet=&#8221;&#8221; custom_padding_phone=&#8221;48px||48px||true|false&#8221; saved_tabs=&#8221;all&#8221; locked=&#8221;off&#8221; global_colors_info=&#8221;{}&#8221;][\/et_pb_section][et_pb_section fb_built=&#8221;1&#8243; custom_padding_last_edited=&#8221;on|phone&#8221; admin_label=&#8221;Footer&#8221; _builder_version=&#8221;4.16&#8243; use_background_color_gradient=&#8221;on&#8221; background_color_gradient_stops=&#8221;#0054a3 0%|#ffdf1b 100%&#8221; background_color_gradient_start=&#8221;#0054a3&#8243; background_color_gradient_end=&#8221;#ffdf1b&#8221; background_image=&#8221;https:\/\/www.truckrace.org\/wp-content\/uploads\/2020\/05\/semi-goodyear-tro-3.jpg&#8221; background_position=&#8221;top_center&#8221; custom_margin=&#8221;-33px||0px||false|false&#8221; custom_margin_tablet=&#8221;&#8221; custom_margin_phone=&#8221;0px||||false|false&#8221; custom_margin_last_edited=&#8221;on|desktop&#8221; custom_padding=&#8221;1px||0px||false|false&#8221; custom_padding_tablet=&#8221;&#8221; custom_padding_phone=&#8221;48px||48px||true|false&#8221; bottom_divider_color=&#8221;rgba(0,0,0,0.92)&#8221; bottom_divider_height=&#8221;59px&#8221; background_color_gradient_stops_tablet=&#8221;#0054a3 0%|#ffdf1b 100%&#8221; background_color_gradient_stops_phone=&#8221;#0054a3 0%|#ffdf1b 100%&#8221; global_module=&#8221;8993&#8243; saved_tabs=&#8221;all&#8221; locked=&#8221;off&#8221; global_colors_info=&#8221;{}&#8221;][et_pb_row column_structure=&#8221;1_3,1_3,1_3&#8243; _builder_version=&#8221;4.16&#8243; global_colors_info=&#8221;{}&#8221;][et_pb_column type=&#8221;1_3&#8243; _builder_version=&#8221;4.16&#8243; background_color=&#8221;rgba(51,51,51,0.62)&#8221; global_colors_info=&#8221;{}&#8221;][et_pb_text ul_type=&#8221;none&#8221; ul_item_indent=&#8221;1px&#8221; _builder_version=&#8221;4.16&#8243; link_text_color=&#8221;#ffffff&#8221; ul_font_size=&#8221;16px&#8221; ul_line_height=&#8221;2em&#8221; background_layout=&#8221;dark&#8221; custom_padding=&#8221;10px|10px|10px|10px|true|true&#8221; locked=&#8221;off&#8221; global_colors_info=&#8221;{}&#8221;]<\/p>\n<h3><strong>External links<\/strong><\/h3>\n<p><\/p>\n<ul>\n<li><a href=\"https:\/\/www.fia.com\/\" target=\"_blank\" rel=\"noopener noreferrer\">FIA<\/a><\/li>\n<li><a href=\"https:\/\/www.goodyear.eu\/en_gb\/truck.html\" target=\"_blank\" rel=\"noopener noreferrer\">Goodyear<\/a><\/li>\n<li><a href=\"http:\/\/www.truckracing.de\/truckrace\/en\/news\/index.html\" target=\"_blank\" rel=\"noopener noreferrer\">Truckracing.de<\/a><\/li>\n<li><a href=\"http:\/\/fiaetrc.com\/\" target=\"_blank\" rel=\"noopener noreferrer\">ETRA<\/a><\/li>\n<li><a href=\"https:\/\/www.honens-rs.com\/\" target=\"_blank\" rel=\"noopener noreferrer\">Honens Racing Services<\/a><\/li>\n<li><a href=\"https:\/\/coursesdecamions.fr\/\" target=\"_blank\" rel=\"noopener noreferrer\">Championnat de France<\/a><\/li>\n<\/ul>\n<p>[\/et_pb_text][\/et_pb_column][et_pb_column type=&#8221;1_3&#8243; _builder_version=&#8221;4.16&#8243; background_color=&#8221;rgba(51,51,51,0.62)&#8221; global_colors_info=&#8221;{}&#8221;][et_pb_social_media_follow use_icon_font_size=&#8221;on&#8221; icon_font_size=&#8221;35px&#8221; _builder_version=&#8221;4.16&#8243; text_orientation=&#8221;center&#8221; custom_padding=&#8221;10px|10px|10px|10px|true|true&#8221; animation_style=&#8221;fade&#8221; global_colors_info=&#8221;{}&#8221;][et_pb_social_media_follow_network social_network=&#8221;facebook&#8221; url=&#8221;https:\/\/www.facebook.com\/TruckRacingInformation&#8221; _builder_version=&#8221;4.16&#8243; background_color=&#8221;#3b5998&#8243; global_colors_info=&#8221;{}&#8221; follow_button=&#8221;off&#8221; url_new_window=&#8221;on&#8221;]facebook[\/et_pb_social_media_follow_network][et_pb_social_media_follow_network social_network=&#8221;youtube&#8221; url=&#8221;https:\/\/www.youtube.com\/user\/TRUCKRACEORG&#8221; _builder_version=&#8221;4.16&#8243; background_color=&#8221;#a82400&#8243; global_colors_info=&#8221;{}&#8221; follow_button=&#8221;off&#8221; url_new_window=&#8221;on&#8221;]youtube[\/et_pb_social_media_follow_network][\/et_pb_social_media_follow][et_pb_text ul_type=&#8221;none&#8221; ul_item_indent=&#8221;1px&#8221; _builder_version=&#8221;4.16&#8243; text_font_size=&#8221;16px&#8221; link_text_color=&#8221;#ffffff&#8221; ul_font_size=&#8221;16px&#8221; ul_line_height=&#8221;2em&#8221; background_layout=&#8221;dark&#8221; custom_padding=&#8221;10px|10px|10px|10px|true|true&#8221; locked=&#8221;off&#8221; global_colors_info=&#8221;{}&#8221;]<\/p>\n<p style=\"text-align: center;\"><a href=\"https:\/\/www.truckrace.org\/en\/contact-legal\/\">Legal notice<\/a><\/p>\n<p><\/p>\n<p>&nbsp;<\/p>\n<p>[\/et_pb_text][\/et_pb_column][et_pb_column type=&#8221;1_3&#8243; _builder_version=&#8221;4.16&#8243; background_color=&#8221;rgba(51,51,51,0.62)&#8221; global_colors_info=&#8221;{}&#8221;][et_pb_image src=&#8221;https:\/\/www.truckrace.org\/wp-content\/uploads\/2020\/05\/logo-goodyear-1.jpg&#8221; title_text=&#8221;logo-goodyear&#8221; align=&#8221;center&#8221; _builder_version=&#8221;4.16&#8243; custom_padding=&#8221;10px|10px|10px|10px|true|true&#8221; global_colors_info=&#8221;{}&#8221;][\/et_pb_image][et_pb_text ul_type=&#8221;none&#8221; ul_item_indent=&#8221;1px&#8221; _builder_version=&#8221;4.16&#8243; text_font_size=&#8221;16px&#8221; link_text_color=&#8221;#ffffff&#8221; ul_font_size=&#8221;16px&#8221; ul_line_height=&#8221;2em&#8221; background_layout=&#8221;dark&#8221; custom_padding=&#8221;10px|10px|10px|10px|true|true&#8221; locked=&#8221;off&#8221; global_colors_info=&#8221;{}&#8221;]<\/p>\n<p style=\"text-align: center;\"><a href=\"https:\/\/www.truckrace.org\/en\/tyres-order\/\">Tyres order<\/a><\/p>\n<p><\/p>\n<p>&nbsp;<\/p>\n<p>[\/et_pb_text][\/et_pb_column][\/et_pb_row][\/et_pb_section]<\/p>\n","protected":false},"excerpt":{"rendered":"<p>2026 ETRC circuits30-31\/05: Misano ITA06-07\/06: Slovakiaring SVK10-12\/07: N\u00fcrburgring GER29-30\/08: Most CZE12-13\/09: Zolder BEL26-27\/09: Le Mans FRA03-04\/10: Jarama ESP Sous r\u00e9serve d&#8217;approbation par la FIA Lenght: 4226 mAdress: Via Daijiro Kato47843 Misano AdriaticoCountry: ItalyContact: +39 0541 618525Website: http:\/\/www.misanocircuit.com\/Lenght: 5922 mAdress: Orechov\u00e1 Pot\u00f4\u0148 800930 02 Orechov\u00e1 Pot\u00f4\u0148Country: SlovakiaContact: +421 917 544 227Website: https:\/\/slovakiaring.sk\/en\/Lenght: 3629 mAdress: Otto-Flimm-Stra\u00dfe53520 N\u00fcrburgCountry: [&hellip;]<\/p>\n","protected":false},"author":1,"featured_media":0,"parent":0,"menu_order":39,"comment_status":"closed","ping_status":"closed","template":"","meta":{"_et_pb_use_builder":"on","_et_pb_old_content":"","_et_gb_content_width":"","footnotes":""},"class_list":["post-24554","page","type-page","status-publish","hentry"],"_links":{"self":[{"href":"https:\/\/www.truckrace.org\/en\/wp-json\/wp\/v2\/pages\/24554","targetHints":{"allow":["GET"]}}],"collection":[{"href":"https:\/\/www.truckrace.org\/en\/wp-json\/wp\/v2\/pages"}],"about":[{"href":"https:\/\/www.truckrace.org\/en\/wp-json\/wp\/v2\/types\/page"}],"author":[{"embeddable":true,"href":"https:\/\/www.truckrace.org\/en\/wp-json\/wp\/v2\/users\/1"}],"replies":[{"embeddable":true,"href":"https:\/\/www.truckrace.org\/en\/wp-json\/wp\/v2\/comments?post=24554"}],"version-history":[{"count":34,"href":"https:\/\/www.truckrace.org\/en\/wp-json\/wp\/v2\/pages\/24554\/revisions"}],"predecessor-version":[{"id":53842,"href":"https:\/\/www.truckrace.org\/en\/wp-json\/wp\/v2\/pages\/24554\/revisions\/53842"}],"wp:attachment":[{"href":"https:\/\/www.truckrace.org\/en\/wp-json\/wp\/v2\/media?parent=24554"}],"curies":[{"name":"wp","href":"https:\/\/api.w.org\/{rel}","templated":true}]}}